{"id":1538,"date":"2022-01-16T11:27:39","date_gmt":"2022-01-16T11:27:39","guid":{"rendered":"https:\/\/abdichtung-total.de\/?page_id=1538"},"modified":"2022-01-16T11:28:19","modified_gmt":"2022-01-16T11:28:19","slug":"anfahrt","status":"publish","type":"page","link":"https:\/\/abdichtung-total.de\/?page_id=1538","title":{"rendered":"Anfahrt"},"content":{"rendered":"<div class=\"ba_map_holder\" id=\"7e14df3a8a22fba4a1c657425a088aac\" data-map-id=\"1537\"><\/div>\n\n\n\n<p><\/p>\n\n\n\n<h3 class=\"wp-block-heading\"><br>Adresse:<\/h3>\n\n\n\n<p>Waldstra\u00dfe 4B, 86695 Allmannshofen<\/p>\n\n\n\n<hr class=\"wp-block-separator alignfull is-style-wide\"\/>\n\n\n\n<h3 class=\"wp-block-heading\">Anfahrtsbeschreibung:<\/h3>\n\n\n\n<h4 class=\"wp-block-heading\">Aus Richtung n\u00f6rdlicher Richtung \/ Aus Richtung Donauw\u00f6rth:<\/h4>\n\n\n\n<p>Fahren Sie auf der B2 bis Ausfahrt&nbsp;Nordendorf.&nbsp;<\/p>\n\n\n\n<p>Anschlie\u00dfenden folgen Sie der Beschilderung in Richtung Allmannshofen.&nbsp;<\/p>\n\n\n\n<hr class=\"wp-block-separator\"\/>\n\n\n\n<h4 class=\"wp-block-heading\">Aus s\u00fcdlicher Richtung \/ Aus Richtung Landsberg am Lech, Schwabm\u00fcnchen, K\u00f6nigsbrunn, Bobingen, Meitingen, Gersthofen, Neus\u00e4\u00df:<\/h4>\n\n\n\n<p>Fahren Sie auf der B2 bzw. B17 in Richtung Donauw\u00f6rth\/N\u00fcrnberg bis Ausfahrt Nordendorf.<\/p>\n\n\n\n<p>Anschlie\u00dfenden folgen Sie der Beschilderung in Richtung Allmannshofen.<\/p>\n\n\n\n<hr class=\"wp-block-separator\"\/>\n\n\n\n<h4 class=\"wp-block-heading\">Aus Richtung M\u00fcnchen, Friedberg, Dachau:<\/h4>\n\n\n\n<p>Fahren Sie auf der A8 in Richtung Stuttgart bis Anschlussstelle Augsburg West. Fahren Sie weiter auf der B2 in Richtung Donauw\u00f6rth\/N\u00fcrnberg bis Ausfahrt Nordendorf.<\/p>\n\n\n\n<p>Anschlie\u00dfenden folgen Sie der Beschilderung in Richtung Allmannshofen.<\/p>\n\n\n\n<hr class=\"wp-block-separator\"\/>\n\n\n\n<h4 class=\"wp-block-heading\">Aus Richtung Ulm, G\u00fcnzburg, Leipheim, Adelsried, Burgau:<\/h4>\n\n\n\n<p>Fahren Sie auf der A8 in Richtung M\u00fcnchen bis Anschlussstelle Augsburg West. Fahren Sie weiter auf der B2 in Richtung Donauw\u00f6rth\/N\u00fcrnberg bis Ausfahrt Nordendorf.<\/p>\n\n\n\n<p>Anschlie\u00dfenden folgen Sie der Beschilderung in Richtung Allmannshofen.<\/p>\n\n\n\n<p><\/p>\n\n\n\n<p><\/p>\n","protected":false},"excerpt":{"rendered":"<p>Adresse: Waldstra\u00dfe 4B, 86695 Allmannshofen Anfahrtsbeschreibung: Aus Richtung n\u00f6rdlicher Richtung \/ Aus Richtung Donauw\u00f6rth: Fahren Sie auf der B2 bis Ausfahrt&nbsp;Nordendorf.&nbsp; Anschlie\u00dfenden folgen Sie der Beschilderung in Richtung Allmannshofen.&nbsp; Aus &#8230;<\/p>\n","protected":false},"author":1,"featured_media":0,"parent":0,"menu_order":0,"comment_status":"closed","ping_status":"closed","template":"","meta":{"footnotes":""},"class_list":["post-1538","page","type-page","status-publish","hentry"],"_links":{"self":[{"href":"https:\/\/abdichtung-total.de\/index.php?rest_route=\/wp\/v2\/pages\/1538","targetHints":{"allow":["GET"]}}],"collection":[{"href":"https:\/\/abdichtung-total.de\/index.php?rest_route=\/wp\/v2\/pages"}],"about":[{"href":"https:\/\/abdichtung-total.de\/index.php?rest_route=\/wp\/v2\/types\/page"}],"author":[{"embeddable":true,"href":"https:\/\/abdichtung-total.de\/index.php?rest_route=\/wp\/v2\/users\/1"}],"replies":[{"embeddable":true,"href":"https:\/\/abdichtung-total.de\/index.php?rest_route=%2Fwp%2Fv2%2Fcomments&post=1538"}],"version-history":[{"count":2,"href":"https:\/\/abdichtung-total.de\/index.php?rest_route=\/wp\/v2\/pages\/1538\/revisions"}],"predecessor-version":[{"id":1540,"href":"https:\/\/abdichtung-total.de\/index.php?rest_route=\/wp\/v2\/pages\/1538\/revisions\/1540"}],"wp:attachment":[{"href":"https:\/\/abdichtung-total.de\/index.php?rest_route=%2Fwp%2Fv2%2Fmedia&parent=1538"}],"curies":[{"name":"wp","href":"https:\/\/api.w.org\/{rel}","templated":true}]}}